{"id":60,"date":"2018-02-17T23:15:11","date_gmt":"2018-02-17T23:15:11","guid":{"rendered":"http:\/\/zantetheme.com\/?page_id=60"},"modified":"2026-01-06T14:28:56","modified_gmt":"2026-01-06T14:28:56","slug":"home-page","status":"publish","type":"page","link":"https:\/\/jeunesse.callian.fr\/","title":{"rendered":"Accueil"},"content":{"rendered":"<p>[vc_row full_width=\u00a0\u00bbstretch_row_content_no_spaces\u00a0\u00bb][vc_column width=\u00a0\u00bb1\/4&Prime;][\/vc_column][vc_column width=\u00a0\u00bb1\/2&Prime;][rev_slider_vc alias=\u00a0\u00bbVillage\u00a0\u00bb el_class=\u00a0\u00bbcolor-overlay-slider overlay-opacity-01&Prime;][\/vc_column][vc_column width=\u00a0\u00bb1\/4&Prime;][\/vc_column][\/vc_row][vc_row full_width=\u00a0\u00bbstretch_row\u00a0\u00bb content_placement=\u00a0\u00bbmiddle\u00a0\u00bb css=\u00a0\u00bb.vc_custom_1617090113156{padding-top: 100px !important;padding-bottom: 100px !important;}\u00a0\u00bb][vc_column width=\u00a0\u00bb1\/2&Prime;]\t\t\t<div\r\n\t\t\t\tclass=\"main_title  text-left  \">\r\n\t\t\t\t<h2 class=\"title\">Informations service jeunesse<\/h2>\r\n\t\t\t\t\t\t\t<\/div>\r\n\t\t[vc_column_text]<\/p>\n<p style=\"text-align: center;\"><span style=\"color: #ff0000;\"><strong>INFORMATIONS<\/strong><\/span><\/p>\n<p><strong><u>Horaires de l\u2019Accueil de Loisirs de Callian <\/u><\/strong><\/p>\n<p><strong><u>Pour les Mercredi\u00a0:<\/u><\/strong><\/p>\n<p><u>Matin <\/u>7h30 \u00e0 9h00<\/p>\n<p><u>Midi<\/u> 11h30 \u00e0 12h00 ou 13h00 \u00e0 13h30<\/p>\n<p><u>Soir <\/u>16h30 \u00e0 18h30<\/p>\n<p><strong><u>Pour les Vacances\u00a0:<\/u><\/strong><\/p>\n<p>7h30 \u00e0 9h\/16h30 \u00e0 18h30<\/p>\n<p><strong><u>Permanence\u00a0:<\/u><\/strong><\/p>\n<p>Mardi\/Jeudi\/Vendredi 10h00 \u00e0 11h00<\/p>\n<p>Mercredi 9h \u00e0 12h\/14h \u00e0 17h00<\/p>\n<p><span style=\"color: #3366ff;\">Pour le service p\u00e9riscolaire et garderie du soir :<\/span><\/p>\n<p>Horaires d\u2019accueil des enfants (16h30 \u00e0 18h).[\/vc_column_text][\/vc_column][vc_column width=\u00a0\u00bb1\/2&Prime;][vc_single_image image=\u00a0\u00bb2899&Prime; img_size=\u00a0\u00bbfull\u00a0\u00bb][\/vc_column][\/vc_row][vc_row full_width=\u00a0\u00bbstretch_row_content\u00a0\u00bb parallax=\u00a0\u00bbcontent-moving\u00a0\u00bb css=\u00a0\u00bb.vc_custom_1630513964389{padding-top: 100px !important;padding-bottom: 100px !important;background-image: url(https:\/\/jeunesse.callian.fr\/wp-content\/uploads\/2021\/03\/callian.jpg?id=2148) !important;}\u00a0\u00bb el_class=\u00a0\u00bbcolor-overlay\u00a0\u00bb][vc_column][vc_empty_space][vc_row_inner][vc_column_inner width=\u00a0\u00bb1\/6&Prime;][\/vc_column_inner][vc_column_inner width=\u00a0\u00bb2\/3&Prime; css=\u00a0\u00bb.vc_custom_1617090144687{background-color: #ffffff !important;}\u00a0\u00bb][vc_empty_space][vc_column_text]<\/p>\n<div class=\"wpb_text_column wpb_content_element \">\n<div class=\"wpb_wrapper\">\n<h2 style=\"text-align: center;\"><strong>Chers parents,\u00a0<\/strong><\/h2>\n<p style=\"text-align: center;\"><strong>Les inscriptions pour les Vacances d&rsquo;hiver d\u00e9buteront le 07 janvier\u00a0 et se cl\u00f4tureront le 18 janvier. Inscription en ligne sur MyP\u00e9rischool.\u00a0<\/strong><\/p>\n<p>&nbsp;<\/p>\n<\/div>\n<\/div>\n<div class=\"wpb_text_column wpb_content_element \">\n<div class=\"wpb_wrapper\">\n<div class=\"wpcdt-countdown-wrp wpcdt-clearfix\">\n<div id=\"wpcdt-datecount-1\" class=\"wpcdt-countdown-timer\" data-timer=\"1481970\" data-tc-id=\"76df1172-1cf1-d634-a978-6b493c0d163b\">\n<div class=\"time_circles\">\n<div class=\"textDiv_Days\"><\/div>\n<\/div>\n<\/div>\n<\/div>\n<\/div>\n<\/div>\n<p>[\/vc_column_text][vc_column_text]\t    <style type=\"text\/css\">\n            #ycd-circle-2317 {\n                padding: 0px;\n                box-sizing: border-box;\n                display: inline-block;\n            }\n            #ycd-circle-2317 h4 {\n                font-size: 9px !important;\n                margin-top: 0px !important;\n                font-weight: normal !important;\n                font-style: initial !important;\n                font-family: Century Gothic !important;\n            }\n            #ycd-circle-2317 span {\n                font-size: 35px !important;\n                margin-top: 0px !important;\n                font-weight: bold !important;\n                font-style: normal !important;\n                font-family: inherit !important;\n            }\n            #ycd-circle-2317 .textDiv_Years h4,\n            #ycd-circle-2317 .textDiv_Years span {\n                color: #000000            }\n            #ycd-circle-2317 .textDiv_Months h4, \n            #ycd-circle-2317 .textDiv_Months span {\n                color: #000000            }\n            #ycd-circle-2317 .textDiv_Days h4, \n            #ycd-circle-2317 .textDiv_Days span {\n                color: #000000            }\n            #ycd-circle-2317 .textDiv_Hours h4,\n            #ycd-circle-2317 .textDiv_Hours span {\n                color: #000000            }\n\n            #ycd-circle-2317 .textDiv_Minutes h4, \n            #ycd-circle-2317 .textDiv_Minutes span {\n                color: #000000            }\n            #ycd-circle-2317 .textDiv_Seconds h4,\n            #ycd-circle-2317 .textDiv_Seconds span {\n                color: #000000            }\n            .ycd-circle-2317-wrapper {\n                text-align: center;\n            }\n                    <\/style>\n        <div class=\"ycd-all-content-wrapper ycd-countdown-content-wrapper-2317\"><div class=\"ycd-countdown-wrapper\"><div class=\"ycd-circle-before-countdown\"><\/div>        <div class=\"ycd-circle-2317-wrapper ycd-circle-wrapper\">\n            <div id=\"ycd-circle-2317\" class=\"ycd-time-circle\" data-options='{\"id\":2317,\"ycd-seconds\":-128095390,\"ycd-countdown-date-type\":\"dueDate\",\"ycd-countdown-duration-days\":\"0\",\"ycd-countdown-duration-hours\":\"0\",\"ycd-countdown-duration-minutes\":\"0\",\"ycd-countdown-duration-seconds\":\"30\",\"ycd-countdown-save-duration\":\"\",\"ycd-countdown-save-duration-each-user\":\"\",\"ycd-date-time-picker\":\"2022-03-13 08:00\",\"ycd-time-zone\":\"Europe\\\/Paris\",\"ycd-countdown-restart\":\"\",\"ycd-countdown-restart-hour\":\"1\",\"isExpired\":true,\"animation\":\"smooth\",\"direction\":\"Clockwise\",\"fg_width\":\"0.1\",\"bg_width\":\"1.2\",\"start_angle\":\"0\",\"count_past_zero\":false,\"circle_bg_color\":\"#60686F\",\"use_background\":\"checked\",\"ycd-count-up-from-end-date\":\"\",\"ycd-schedule-time-zone\":\"Pacific\\\/Midway\",\"startDay\":null,\"startDayNumber\":null,\"endDay\":null,\"endDayNumber\":null,\"currentDayNumber\":null,\"ycd-schedule-end-to\":\"\",\"ycd-schedule-start-from\":\"\",\"ycd-countdown-showing-limitation\":\"\",\"ycd-countdown-expiration-time\":\"1\",\"ycd-countdown-switch-number\":\"\",\"time\":{\"Years\":{\"text\":\"Years\",\"color\":\"#A52A2A\",\"show\":\"\"},\"Months\":{\"text\":\"Months\",\"color\":\"#8A2BE2\",\"show\":\"\"},\"Days\":{\"text\":\"JOURS\",\"color\":\"#FFCC66\",\"show\":\"checked\"},\"Hours\":{\"text\":\"HEURES\",\"color\":\"#99CCFF\",\"show\":\"checked\"},\"Minutes\":{\"text\":\"MINUTES\",\"color\":\"#BBFFBB\",\"show\":\"checked\"},\"Seconds\":{\"text\":\"SECONDES\",\"color\":\"#FF9999\",\"show\":\"checked\"}}}' data-all-options='{\"ycd-countries-is\":\"is\",\"ycd-countdown-date-type\":\"dueDate\",\"ycd-date-time-picker\":\"2022-03-13 08:00\",\"ycd-circle-time-zone\":\"Europe\\\/Paris\",\"ycd-woo-time-zone\":\"Pacific\\\/Midway\",\"ycd-woo-coupon-date\":\"\",\"ycd-countdown-restart-hour\":\"1\",\"ycd-countdown-duration-days\":\"0\",\"ycd-countdown-duration-hours\":\"0\",\"ycd-countdown-duration-minutes\":\"0\",\"ycd-countdown-duration-seconds\":\"30\",\"ycd-schedule-time-zone\":\"Pacific\\\/Midway\",\"ycd-schedule-start-from\":\"\",\"ycd-schedule-end-to\":\"\",\"ycd-schedule2-time-zone\":\"Pacific\\\/Midway\",\"ycd-schedule2-from\":\"\",\"ycd-schedule2-to\":\"\",\"ycd-position-countdown\":\"top_center\",\"ycd-display-settings\":[{\"key1\":\"select_settings\",\"key3\":[]}],\"ycd-countdown-end-sound-url\":\"https:\\\/\\\/jeunesse.callian.fr\\\/wp-content\\\/plugins\\\/countdown-builder\\\/lib\\\/alarm.mp3\",\"ycd-custom-css\":\"\",\"ycd-custom-js\":\"\",\"ycd-subscribe-width\":\"100%\",\"ycd-form-above-text\":\"Join Our Newsletter\",\"ycd-form-input-text\":\"Enter your email here\",\"ycd-form-submit-text\":\"Subscribe\",\"ycd-form-submit-color\":\"#3274d1\",\"ycd-subscribe-success-message\":\"Thanks for subscribing.\",\"ycd-subscribe-error-message\":\"Invalid email address.\",\"ycd-countdown-expire-behavior\":\"hideCountdown\",\"ycd-expire-text\":\"\",\"ycd-expire-url\":\"\",\"ycd-button-name\":\"Buy Now\",\"ycd-button-width\":\"200px\",\"ycd-button-height\":\"50px\",\"ycd-button-border-width\":\"0px\",\"ycd-button-border-radius\":\"5\",\"ycd-button-margin-top\":\"0px\",\"ycd-button-margin-right\":\"0px\",\"ycd-button-margin-bottom\":\"0px\",\"ycd-button-margin-left\":\"0px\",\"ycd-button-opacity\":\"1\",\"ycd-button-font-size\":\"14px\",\"ycd-button-bg-color\":\"#4dba7a\",\"ycd-button-color\":\"#ffffff\",\"ycd-button-border-color\":\"\",\"ycd-button-hover-animation-speed\":\"\",\"ycd-button-hover-bg-color\":\"#4dba7a\",\"ycd-button-hover-color\":\"#ffffff\",\"ycd-countdown-button-behavior\":\"redirect\",\"ycd-button-action-url\":\"https:\\\/\\\/jeunesse.callian.fr\",\"ycd-scroll-to-selector\":\"\",\"ycd-animation-speed\":\"\",\"ycd-download-url\":\"\",\"ycd-download-name\":\"\",\"ycd-button-copy-text\":\"\",\"ycd-button-alert-text\":\"\",\"ycd-date-progress-start-date\":\"2021-05-12 15:22\",\"ycd-progress-width\":\"\",\"ycd-progress-height\":\"\",\"ycd-progress-main-color\":\"\",\"ycd-progress-color\":\"\",\"ycd-progress-text-color\":\"\",\"ycd-text-font-size\":\"9\",\"ycd-text-margin-top\":\"0\",\"ycd-countdown-font-weight\":\"normal\",\"ycd-countdown-font-style\":\"initial\",\"ycd-text-font-family\":\"Century Gothic\",\"ycd-countdown-number-size\":\"35\",\"ycd-number-margin-top\":\"0\",\"ycd-countdown-number-font-weight\":\"bold\",\"ycd-countdown-number-font-style\":\"normal\",\"ycd-countdown-number-font\":\"inherit\",\"ycd-countdown-years-text\":\"Years\",\"ycd-countdown-years-color\":\"#a52a2a\",\"ycd-countdown-years-text-color\":\"#000000\",\"ycd-countdown-months-text\":\"Months\",\"ycd-countdown-months-color\":\"#8a2be2\",\"ycd-countdown-months-text-color\":\"#000000\",\"ycd-countdown-days\":\"on\",\"ycd-countdown-days-text\":\"JOURS\",\"ycd-countdown-days-color\":\"#ffcc66\",\"ycd-countdown-days-text-color\":\"#000000\",\"ycd-countdown-hours\":\"on\",\"ycd-countdown-hours-text\":\"HEURES\",\"ycd-countdown-hours-color\":\"#99ccff\",\"ycd-countdown-hours-text-color\":\"#000000\",\"ycd-countdown-minutes\":\"on\",\"ycd-countdown-minutes-text\":\"MINUTES\",\"ycd-countdown-minutes-color\":\"#bbffbb\",\"ycd-countdown-minutes-text-color\":\"#000000\",\"ycd-countdown-seconds\":\"on\",\"ycd-countdown-seconds-text\":\"SECONDES\",\"ycd-countdown-seconds-color\":\"#ff9999\",\"ycd-countdown-seconds-text-color\":\"#000000\",\"ycd-circle-alignment\":\"center\",\"ycd-circle-animation\":\"smooth\",\"ycd-countdown-width\":\"500\",\"ycd-dimension-measure\":\"px\",\"ycd-countdown-background-circle\":\"on\",\"ycd-circle-bg-width\":\"1.2\",\"ycd-countdown-bg-circle-color\":\"#60686f\",\"ycd-countdown-direction\":\"Clockwise\",\"ycd-circle-width\":\"0.1\",\"ycd-circle-start-angle\":\"0\",\"ycd-bg-image-size\":\"cover\",\"ycd-bg-image-repeat\":\"no-repeat\",\"ycd-bg-image-url\":\"\",\"ycd-bg-video-url\":\"\",\"ycd-countdown-content-click-url\":\"\",\"ycd-countdown-expiration-time\":\"1\",\"ycd-circle-showing-animation\":\"No effect\",\"ycd-circle-showing-animation-speed\":\"1\",\"ycd-circle-box-shadow-horizontal-length\":\"10\",\"ycd-circle-box-shadow-vertical-length\":\"10\",\"ycd-circle-box-blur-radius\":\"5\",\"ycd-circle-box-spread-radius\":\"1\",\"ycd-circle-box-shadow-color\":\"#ffffff\",\"ycd-countdown-padding\":\"0\",\"ycd-circle-countdown-before-countdown\":\"\",\"ycd-circle-countdown-after-countdown\":\"\",\"ycd-type\":\"circle\",\"ycd-post-id\":\"2317\",\"id\":2317}' data-timer=\"0\" style=\"background-image: url(); background-repeat: no-repeat; background-size: cover;  width: 500px; height: 100%; padding: 0; box-sizing: border-box; background-color: inherit\"><\/div>\n        <\/div>\n\t\t<div class=\"ycd-circle-after-countdown\" data-key=\"\"><\/div><\/div><\/div>[\/vc_column_text][vc_empty_space][\/vc_column_inner][vc_column_inner width=\u00a0\u00bb1\/6&Prime;][\/vc_column_inner][\/vc_row_inner][vc_empty_space][\/vc_column][\/vc_row][vc_row full_width=\u00a0\u00bbstretch_row\u00a0\u00bb content_placement=\u00a0\u00bbmiddle\u00a0\u00bb css=\u00a0\u00bb.vc_custom_1617090119328{padding-top: 100px !important;padding-bottom: 100px !important;}\u00a0\u00bb][vc_column width=\u00a0\u00bb1\/2&Prime;]\t\t\t<div\r\n\t\t\t\tclass=\"main_title  text-left  \">\r\n\t\t\t\t<h2 class=\"title\">Pour inscrire votre ou vos enfants vous devrez :<\/h2>\r\n\t\t\t\t\t\t\t<\/div>\r\n\t\t[vc_column_text]\u2013Avoir dument rempli le dossier d\u2019inscription du service jeunesse de la mairie de Callian avec toutes les pi\u00e8ces justificatives demand\u00e9es sur l&rsquo;application Myp\u00e9rischool.<\/p>\n<p>\u2013 Respecter les d\u00e9lais d&rsquo;inscription. Dates indiqu\u00e9es sur le site concernant les vacances, \u00e0 propos des mercredis, les inscriptions se font au plus tard 15 jours avant les dates choisies. Vous avez la possibilit\u00e9 d&rsquo;inscrire vos enfants toute l&rsquo;ann\u00e9e pour les mercredis.<\/p>\n<p>\u2013\u00a0 Enfin vous devrez r\u00e9gulariser votre facture sur Myperischool, esp\u00e8ce en Mairie ou carte bleu ou bien de chez vous par virement via l&rsquo;application.<\/p>\n<p>\u2013 L&rsquo;inscription \u00e0 la garderie se fait \u00e9galement via l&rsquo;application Myperischool, tarif calcul\u00e9 selon votre coefficient caf.<\/p>\n<p>L\u2019inscription ne sera enregistr\u00e9e qu\u2019une fois le r\u00e8glement effectu\u00e9.[\/vc_column_text][\/vc_column][vc_column width=\u00a0\u00bb1\/2&Prime;][vc_single_image image=\u00a0\u00bb2507&Prime; img_size=\u00a0\u00bbfull\u00a0\u00bb][\/vc_column][\/vc_row][vc_row full_width=\u00a0\u00bbstretch_row_content\u00a0\u00bb parallax=\u00a0\u00bbcontent-moving\u00a0\u00bb css=\u00a0\u00bb.vc_custom_1617090213460{padding-top: 100px !important;padding-bottom: 100px !important;background-image: url(https:\/\/dev.callian.fr\/wp-content\/uploads\/2021\/03\/callian.jpg?id=2148) !important;}\u00a0\u00bb el_class=\u00a0\u00bbcolor-overlay\u00a0\u00bb][vc_column][vc_empty_space]\t\t\t<div\r\n\t\t\t\tclass=\"main_title  text-center mt_white \">\r\n\t\t\t\t<h2 class=\"title\">NEWS &amp; EVENEMENTS<\/h2>\r\n\t\t\t\t\t\t\t<\/div>\r\n\t\t[vc_row_inner][vc_column_inner width=\u00a0\u00bb1\/12&Prime;][\/vc_column_inner][vc_column_inner width=\u00a0\u00bb5\/6&Prime;]\r\n        <div class=\"latest-posts-grid\">\r\n            <div class=\"row grid-row\">\r\n                                                                          <!-- ITEM -->\r\n                    <div class=\"col-md-4 col-sm-4\">\r\n                        <article class=\"news-grid-item\">\r\n                          <figure class=\"gradient-overlay slide-right-hover\">\r\n                              <a href=\"https:\/\/jeunesse.callian.fr\/index.php\/2024\/10\/11\/halloween-2024\/\"><img src=\"https:\/\/jeunesse.callian.fr\/wp-content\/uploads\/2024\/10\/A3-Halloween-Callian-707x520.jpg\" class=\"img-responsive\" alt=\"Halloween 2024\"><\/a>\r\n                          <\/figure>\r\n                          <div class=\"details\">\r\n                              <h3><a href=\"https:\/\/jeunesse.callian.fr\/index.php\/2024\/10\/11\/halloween-2024\/\">Halloween 2024<\/a><\/h3>\r\n                              <p>[vc_row][vc_column][vc_single_image image=\"3101\" img_size=\"full\" alignment=\"center\"][\/vc_column][\/vc_row]<\/p>\r\n                              <!-- <a href=\"https:\/\/jeunesse.callian.fr\/index.php\/2024\/10\/11\/halloween-2024\/\" class=\"button btn_xs btn_blue\">Read More<\/a> -->\r\n                              <div class=\"info\">\r\n                                  <a href=\"https:\/\/jeunesse.callian.fr\/index.php\/author\/\">\r\n                                    <img class=\"author-avatar\" src=\"https:\/\/secure.gravatar.com\/avatar\/d8706de5f6c4c9a2ed53d8c4faad4c0b?s=13&#038;d=mm&#038;r=g\" alt=\"admin\">admin                                  <\/a>\r\n                                  <i class=\"las la-clock\"><\/i><a href=\"https:\/\/jeunesse.callian.fr\/index.php\/2026\/04\/03\/\">octobre 11, 2024<\/a>\r\n                                  <i class=\"las la-comments\"><\/i><a href=\"https:\/\/jeunesse.callian.fr\/index.php\/2024\/10\/11\/halloween-2024\/\">0 Comments<\/a>\r\n                              <\/div>\r\n                          <\/div>\r\n                        <\/article>\r\n                    <\/div>\r\n                                                            <\/div>\r\n\r\n          <\/div>\r\n\r\n        [\/vc_column_inner][vc_column_inner width=\u00a0\u00bb1\/12&Prime;][\/vc_column_inner][\/vc_row_inner][vc_empty_space][\/vc_column][\/vc_row]<\/p>\n","protected":false},"excerpt":{"rendered":"<p>[vc_row full_width=\u00a0\u00bbstretch_row_content_no_spaces\u00a0\u00bb][vc_column width=\u00a0\u00bb1\/4&Prime;][\/vc_column][vc_column width=\u00a0\u00bb1\/2&Prime;][rev_slider_vc alias=\u00a0\u00bbVillage\u00a0\u00bb el_class=\u00a0\u00bbcolor-overlay-slider overlay-opacity-01&Prime;][\/vc_column][vc_column width=\u00a0\u00bb1\/4&Prime;][\/vc_column][\/vc_row][vc_row full_width=\u00a0\u00bbstretch_row\u00a0\u00bb content_placement=\u00a0\u00bbmiddle\u00a0\u00bb css=\u00a0\u00bb.vc_custom_1617090113156{padding-top: 100px !important;padding-bottom: 100px !important;}\u00a0\u00bb][vc_column width=\u00a0\u00bb1\/2&Prime;][vc_column_text] INFORMATIONS Horaires de l\u2019Accueil de Loisirs de Callian Pour les Mercredi\u00a0: Matin 7h30 \u00e0 9h00 Midi 11h30 \u00e0 12h00 ou 13h00 \u00e0 13h30 Soir 16h30 \u00e0 18h30 Pour les Vacances\u00a0: 7h30 \u00e0 9h\/16h30 \u00e0 18h30 Permanence\u00a0: Mardi\/Jeudi\/Vendredi 10h00 \u00e0 [&hellip;]<\/p>\n","protected":false},"author":1,"featured_media":0,"parent":0,"menu_order":0,"comment_status":"closed","ping_status":"closed","template":"","meta":[],"_links":{"self":[{"href":"https:\/\/jeunesse.callian.fr\/index.php\/wp-json\/wp\/v2\/pages\/60"}],"collection":[{"href":"https:\/\/jeunesse.callian.fr\/index.php\/wp-json\/wp\/v2\/pages"}],"about":[{"href":"https:\/\/jeunesse.callian.fr\/index.php\/wp-json\/wp\/v2\/types\/page"}],"author":[{"embeddable":true,"href":"https:\/\/jeunesse.callian.fr\/index.php\/wp-json\/wp\/v2\/users\/1"}],"replies":[{"embeddable":true,"href":"https:\/\/jeunesse.callian.fr\/index.php\/wp-json\/wp\/v2\/comments?post=60"}],"version-history":[{"count":69,"href":"https:\/\/jeunesse.callian.fr\/index.php\/wp-json\/wp\/v2\/pages\/60\/revisions"}],"predecessor-version":[{"id":3289,"href":"https:\/\/jeunesse.callian.fr\/index.php\/wp-json\/wp\/v2\/pages\/60\/revisions\/3289"}],"wp:attachment":[{"href":"https:\/\/jeunesse.callian.fr\/index.php\/wp-json\/wp\/v2\/media?parent=60"}],"curies":[{"name":"wp","href":"https:\/\/api.w.org\/{rel}","templated":true}]}}