{"id":456,"date":"2018-04-19T14:12:12","date_gmt":"2018-04-19T14:12:12","guid":{"rendered":"http:\/\/zantetheme.com\/?page_id=456"},"modified":"2023-02-20T13:00:47","modified_gmt":"2023-02-20T13:00:47","slug":"contact","status":"publish","type":"page","link":"https:\/\/jeunesse.callian.fr\/index.php\/contact\/","title":{"rendered":"Contact"},"content":{"rendered":"<p>[vc_row full_width=\u00a0\u00bbstretch_row_content_no_spaces\u00a0\u00bb css=\u00a0\u00bb.vc_custom_1531697180247{padding-bottom: 10px !important;}\u00a0\u00bb][vc_column][vc_column_text]<iframe loading=\"lazy\" style=\"border: 0;\" src=\"https:\/\/www.google.com\/maps\/embed?pb=!1m18!1m12!1m3!1d2888.212968090663!2d6.751071851195131!3d43.62292617901984!2m3!1f0!2f0!3f0!3m2!1i1024!2i768!4f13.1!3m3!1m2!1s0x12cc20291c68a587%3A0x516e90c6b9a19441!2sMairie!5e0!3m2!1sfr!2sfr!4v1617096550674!5m2!1sfr!2sfr\" width=\"100%\" height=\"450\" allowfullscreen=\"allowfullscreen\"><\/iframe>[\/vc_column_text][\/vc_column][\/vc_row][vc_row][vc_column][vc_empty_space height=\u00a0\u00bb100px\u00a0\u00bb]\t\t\t<div\r\n\t\t\t\tclass=\"main_title  text-center  \">\r\n\t\t\t\t<h2 class=\"title\">Contact<\/h2>\r\n\t\t\t\t\t\t\t<\/div>\r\n\t\t[\/vc_column][\/vc_row][vc_row][vc_column width=\u00a0\u00bb2\/3&Prime;]<div role=\"form\" class=\"wpcf7\" id=\"wpcf7-f1079-o1\" lang=\"en-US\" dir=\"ltr\">\n<div class=\"screen-reader-response\"><p role=\"status\" aria-live=\"polite\" aria-atomic=\"true\"><\/p> <ul><\/ul><\/div>\n<form action=\"\/index.php\/wp-json\/wp\/v2\/pages\/456#wpcf7-f1079-o1\" method=\"post\" class=\"wpcf7-form init\" novalidate=\"novalidate\" data-status=\"init\">\n<div style=\"display: none;\">\n<input type=\"hidden\" name=\"_wpcf7\" value=\"1079\" \/>\n<input type=\"hidden\" name=\"_wpcf7_version\" value=\"5.4\" \/>\n<input type=\"hidden\" name=\"_wpcf7_locale\" value=\"en_US\" \/>\n<input type=\"hidden\" name=\"_wpcf7_unit_tag\" value=\"wpcf7-f1079-o1\" \/>\n<input type=\"hidden\" name=\"_wpcf7_container_post\" value=\"0\" \/>\n<input type=\"hidden\" name=\"_wpcf7_posted_data_hash\" value=\"\" \/>\n<\/div>\n<div class=\"contact-page-form\">\n<div class=\"wpcf7-response-output\" aria-hidden=\"true\"><\/div>\n<div class=\"row\">\n<div class=\"form-group col-md-6\">\n    <span class=\"wpcf7-form-control-wrap your-name\"><input type=\"text\" name=\"your-name\" value=\"\" size=\"40\" class=\"wpcf7-form-control wpcf7-text wpcf7-validates-as-required form-control\" aria-required=\"true\" aria-invalid=\"false\" placeholder=\"Nom\" \/><\/span>\n  <\/div>\n<div class=\"form-group col-md-6\">\n    <span class=\"wpcf7-form-control-wrap your-phone\"><input type=\"text\" name=\"your-phone\" value=\"\" size=\"40\" class=\"wpcf7-form-control wpcf7-text wpcf7-validates-as-required form-control\" aria-required=\"true\" aria-invalid=\"false\" placeholder=\"T\u00e9l\u00e9phone\" \/><\/span>\n  <\/div>\n<div class=\"form-group col-md-6\">\n    <span class=\"wpcf7-form-control-wrap your-email\"><input type=\"email\" name=\"your-email\" value=\"\" size=\"40\" class=\"wpcf7-form-control wpcf7-text wpcf7-email wpcf7-validates-as-required wpcf7-validates-as-email form-control\" aria-required=\"true\" aria-invalid=\"false\" placeholder=\"Email\" \/><\/span>\n  <\/div>\n<div class=\"form-group col-md-6\">\n    <span class=\"wpcf7-form-control-wrap your-subject\"><input type=\"text\" name=\"your-subject\" value=\"\" size=\"40\" class=\"wpcf7-form-control wpcf7-text form-control\" aria-invalid=\"false\" placeholder=\"Sujet\" \/><\/span>\n  <\/div>\n<\/div>\n<div class=\"form-group\">\n<span class=\"wpcf7-form-control-wrap your-message\"><textarea name=\"your-message\" cols=\"40\" rows=\"10\" class=\"wpcf7-form-control wpcf7-textarea wpcf7-validates-as-required form-control\" aria-required=\"true\" aria-invalid=\"false\" placeholder=\"Message\"><\/textarea><\/span>\n<\/div>\n<div class=\"form-group\">\n<span class=\"wpcf7-form-control-wrap terms\"><span class=\"wpcf7-form-control wpcf7-checkbox wpcf7-validates-as-required\"><span class=\"wpcf7-list-item first last\"><input type=\"checkbox\" name=\"terms[]\" value=\"Accepter les termes et conditions\" \/><span class=\"wpcf7-list-item-label\">Accepter les termes et conditions<\/span><\/span><\/span><\/span>\n<\/div>\n<p><input type=\"submit\" value=\"Envoyer\" class=\"wpcf7-form-control wpcf7-submit button btn-lg mt10 mt30\" \/>\n<\/p><\/div>\n<\/form><\/div>[\/vc_column][vc_column width=\u00a0\u00bb1\/3&Prime;][vc_row_inner][vc_column_inner offset=\u00a0\u00bbvc_hidden-lg vc_hidden-md\u00a0\u00bb][vc_empty_space height=\u00a0\u00bb50&Prime;][\/vc_column_inner][\/vc_row_inner][vc_column_text css_animation=\u00a0\u00bbtop-to-bottom\u00a0\u00bb el_class=\u00a0\u00bbcontact-info\u00a0\u00bb]<strong>Nom de la structure :<\/strong>\u00a0Service Jeunesse de Callian<\/p>\n<p><strong>Nom de l\u2019organisateur :<\/strong>\u00a0Mairie de Callian<\/p>\n<p><strong>Nom du responsable de la structure :<\/strong> DI AMORE Laura<\/p>\n<p><strong>Adresse :<\/strong>\u00a0Place de l\u2019h\u00f4tel de ville Mairie de Callian 83440<\/p>\n<p><strong>T\u00e9l\u00e9phone : <\/strong>04.94.39.96.28<strong> \/ <\/strong>06.74.93.36.61<\/p>\n<p><strong>Mail :\u00a0<\/strong><a href=\"mailto:jeunesse@callian.fr\">jeunesse@callian.fr<\/a><\/p>\n<p><strong>HORAIRES D\u2019OUVERTURE :<\/strong> Lundi au vendredi 9h30 &#8211; 13h30 \/ 16h &#8211; 18h[\/vc_column_text]    <div class=\"social_media\">\r\n              <a class=\"facebook\" href=\"https:\/\/web.archive.org\/web\/20190812200233\/https:\/\/www.facebook.com\/groups\/151478011881075\/\"><i class=\"fa fa-facebook\"><\/i><\/a>\r\n                                        <\/div>\r\n\r\n\t\t[\/vc_column][\/vc_row][vc_row][vc_column][vc_empty_space height=\u00a0\u00bb100&Prime;][\/vc_column][\/vc_row]<\/p>\n","protected":false},"excerpt":{"rendered":"<p>[vc_row full_width=\u00a0\u00bbstretch_row_content_no_spaces\u00a0\u00bb css=\u00a0\u00bb.vc_custom_1531697180247{padding-bottom: 10px !important;}\u00a0\u00bb][vc_column][vc_column_text][\/vc_column_text][\/vc_column][\/vc_row][vc_row][vc_column][vc_empty_space height=\u00a0\u00bb100px\u00a0\u00bb][\/vc_column][\/vc_row][vc_row][vc_column width=\u00a0\u00bb2\/3&Prime;][\/vc_column][vc_column width=\u00a0\u00bb1\/3&Prime;][vc_row_inner][vc_column_inner offset=\u00a0\u00bbvc_hidden-lg vc_hidden-md\u00a0\u00bb][vc_empty_space height=\u00a0\u00bb50&Prime;][\/vc_column_inner][\/vc_row_inner][vc_column_text css_animation=\u00a0\u00bbtop-to-bottom\u00a0\u00bb el_class=\u00a0\u00bbcontact-info\u00a0\u00bb]Nom de la structure :\u00a0Service Jeunesse de Callian Nom de l\u2019organisateur :\u00a0Mairie de Callian Nom du responsable de la structure : DI AMORE Laura Adresse :\u00a0Place de l\u2019h\u00f4tel de ville Mairie de Callian 83440 T\u00e9l\u00e9phone : 04.94.39.96.28 \/ 06.74.93.36.61 Mail :\u00a0jeunesse@callian.fr HORAIRES D\u2019OUVERTURE [&hellip;]<\/p>\n","protected":false},"author":1,"featured_media":0,"parent":0,"menu_order":0,"comment_status":"closed","ping_status":"closed","template":"","meta":[],"_links":{"self":[{"href":"https:\/\/jeunesse.callian.fr\/index.php\/wp-json\/wp\/v2\/pages\/456"}],"collection":[{"href":"https:\/\/jeunesse.callian.fr\/index.php\/wp-json\/wp\/v2\/pages"}],"about":[{"href":"https:\/\/jeunesse.callian.fr\/index.php\/wp-json\/wp\/v2\/types\/page"}],"author":[{"embeddable":true,"href":"https:\/\/jeunesse.callian.fr\/index.php\/wp-json\/wp\/v2\/users\/1"}],"replies":[{"embeddable":true,"href":"https:\/\/jeunesse.callian.fr\/index.php\/wp-json\/wp\/v2\/comments?post=456"}],"version-history":[{"count":12,"href":"https:\/\/jeunesse.callian.fr\/index.php\/wp-json\/wp\/v2\/pages\/456\/revisions"}],"predecessor-version":[{"id":2776,"href":"https:\/\/jeunesse.callian.fr\/index.php\/wp-json\/wp\/v2\/pages\/456\/revisions\/2776"}],"wp:attachment":[{"href":"https:\/\/jeunesse.callian.fr\/index.php\/wp-json\/wp\/v2\/media?parent=456"}],"curies":[{"name":"wp","href":"https:\/\/api.w.org\/{rel}","templated":true}]}}