{"id":2193,"date":"2021-03-30T11:14:43","date_gmt":"2021-03-30T09:14:43","guid":{"rendered":"https:\/\/dev.callian.fr\/?page_id=2193"},"modified":"2026-01-06T14:33:52","modified_gmt":"2026-01-06T14:33:52","slug":"lequipe-pedagogique","status":"publish","type":"page","link":"https:\/\/jeunesse.callian.fr\/index.php\/lequipe-pedagogique\/","title":{"rendered":"L&rsquo;\u00c9QUIPE P\u00c9DAGOGIQUE"},"content":{"rendered":"<p>[vc_row][vc_column]\n\t\t\t<!-- START Service jeunesse REVOLUTION SLIDER 6.4.6 --><p class=\"rs-p-wp-fix\"><\/p>\n\t\t\t<rs-module-wrap id=\"hero_wrapper\" data-source=\"gallery\" style=\"background:transparent;padding:0;margin:0px auto;margin-top:0;margin-bottom:0;\">\n\t\t\t\t<rs-module id=\"hero\" style=\"\" data-version=\"6.4.6\">\n\t\t\t\t\t<rs-slides>\n\t\t\t\t\t\t<rs-slide data-key=\"rs-86\" data-title=\"Slide\" data-thumb=\"\/\/jeunesse.callian.fr\/wp-content\/uploads\/2024\/12\/IMG-20241107-WA0004-100x50.jpg\" data-in=\"o:0;\" data-out=\"a:false;\">\n\t\t\t\t\t\t\t<img src=\"\/\/jeunesse.callian.fr\/wp-content\/plugins\/revslider\/public\/assets\/assets\/dummy.png\" title=\"IMG-20241107-WA0004\" width=\"2121\" height=\"1530\" class=\"rev-slidebg tp-rs-img rs-lazyload\" data-lazyload=\"\/\/jeunesse.callian.fr\/wp-content\/uploads\/2024\/12\/IMG-20241107-WA0004.jpg\" data-parallax=\"off\" data-no-retina>\n<!---->\t\t\t\t\t\t<\/rs-slide>\n\t\t\t\t\t\t<rs-slide data-key=\"rs-79\" data-title=\"Slide\" data-thumb=\"\/\/jeunesse.callian.fr\/wp-content\/uploads\/2023\/09\/FB_IMG_1695214105872-100x50.jpg\" data-in=\"o:0;\" data-out=\"a:false;\">\n\t\t\t\t\t\t\t<img src=\"\/\/jeunesse.callian.fr\/wp-content\/plugins\/revslider\/public\/assets\/assets\/dummy.png\" title=\"FB_IMG_1695214105872\" width=\"960\" height=\"720\" class=\"rev-slidebg tp-rs-img rs-lazyload\" data-lazyload=\"\/\/jeunesse.callian.fr\/wp-content\/uploads\/2023\/09\/FB_IMG_1695214105872.jpg\" data-parallax=\"5\" data-no-retina>\n<!--\n\t\t\t\t\t\t\t--><rs-layer\n\t\t\t\t\t\t\t\tid=\"slider-6-slide-79-layer-1\" \n\t\t\t\t\t\t\t\tdata-type=\"text\"\n\t\t\t\t\t\t\t\tdata-rsp_ch=\"on\"\n\t\t\t\t\t\t\t\tdata-xy=\"x:c;yo:310px,310px,320px,320px;\"\n\t\t\t\t\t\t\t\tdata-text=\"s:39,39,40,30;l:80,80,60,60;fw:900,900,700,700;a:inherit;\"\n\t\t\t\t\t\t\t\tdata-frame_0=\"y:-100%;o:1;\"\n\t\t\t\t\t\t\t\tdata-frame_0_mask=\"u:t;\"\n\t\t\t\t\t\t\t\tdata-frame_1=\"st:500;sp:1500;sR:500;\"\n\t\t\t\t\t\t\t\tdata-frame_1_mask=\"u:t;\"\n\t\t\t\t\t\t\t\tdata-frame_999=\"o:0;st:w;sR:7000;\"\n\t\t\t\t\t\t\t\tstyle=\"z-index:5;font-family:Roboto;\"\n\t\t\t\t\t\t\t>Bienvenue sur le site\ndu service jeunesse de Callian. \n\t\t\t\t\t\t\t<\/rs-layer><!--\n\n\t\t\t\t\t\t\t--><rs-layer\n\t\t\t\t\t\t\t\tid=\"slider-6-slide-79-layer-4\" \n\t\t\t\t\t\t\t\tdata-type=\"text\"\n\t\t\t\t\t\t\t\tdata-rsp_ch=\"on\"\n\t\t\t\t\t\t\t\tdata-xy=\"x:c;yo:408px;\"\n\t\t\t\t\t\t\t\tdata-text=\"s:16;l:22;fw:700;a:inherit;\"\n\t\t\t\t\t\t\t\tdata-frame_0=\"y:100%;\"\n\t\t\t\t\t\t\t\tdata-frame_0_mask=\"u:t;y:100%;\"\n\t\t\t\t\t\t\t\tdata-frame_1=\"e:power2.inOut;st:500;sp:1500;sR:500;\"\n\t\t\t\t\t\t\t\tdata-frame_1_mask=\"u:t;\"\n\t\t\t\t\t\t\t\tdata-frame_999=\"o:0;st:w;sR:7000;\"\n\t\t\t\t\t\t\t\tstyle=\"z-index:6;font-family:Lato;\"\n\t\t\t\t\t\t\t>En utilisant les diff\u00e9rents onglets vous trouverez toutes les informations et modalit\u00e9s pour inscrire vos enfants sur nos secteur d'activit\u00e9s. \n\t\t\t\t\t\t\t<\/rs-layer><!--\n-->\t\t\t\t\t\t<\/rs-slide>\n\t\t\t\t\t\t<rs-slide data-key=\"rs-84\" data-title=\"Slide\" data-thumb=\"\/\/jeunesse.callian.fr\/wp-content\/uploads\/2024\/12\/FB_IMG_1733845474747-100x50.jpg\" data-in=\"o:0;\" data-out=\"a:false;\">\n\t\t\t\t\t\t\t<img src=\"\/\/jeunesse.callian.fr\/wp-content\/plugins\/revslider\/public\/assets\/assets\/dummy.png\" title=\"FB_IMG_1733845474747\" width=\"960\" height=\"540\" class=\"rev-slidebg tp-rs-img rs-lazyload\" data-lazyload=\"\/\/jeunesse.callian.fr\/wp-content\/uploads\/2024\/12\/FB_IMG_1733845474747.jpg\" data-parallax=\"off\" data-no-retina>\n<!---->\t\t\t\t\t\t<\/rs-slide>\n\t\t\t\t\t\t<rs-slide data-key=\"rs-77\" data-title=\"Slide\" data-thumb=\"\/\/jeunesse.callian.fr\/wp-content\/uploads\/2023\/03\/carn-100x50.jpeg\" data-in=\"o:0;\" data-out=\"a:false;\">\n\t\t\t\t\t\t\t<img src=\"\/\/jeunesse.callian.fr\/wp-content\/plugins\/revslider\/public\/assets\/assets\/dummy.png\" title=\"carn\" width=\"1087\" height=\"919\" class=\"rev-slidebg tp-rs-img rs-lazyload\" data-lazyload=\"\/\/jeunesse.callian.fr\/wp-content\/uploads\/2023\/03\/carn.jpeg\" data-parallax=\"off\" data-no-retina>\n<!---->\t\t\t\t\t\t<\/rs-slide>\n\t\t\t\t\t\t<rs-slide data-key=\"rs-58\" data-title=\"Slide\" data-thumb=\"\/\/jeunesse.callian.fr\/wp-content\/uploads\/2022\/02\/photo-carnaval-de-nice-100x50.jpg\" data-in=\"o:0;\" data-out=\"a:false;\">\n\t\t\t\t\t\t\t<img src=\"\/\/jeunesse.callian.fr\/wp-content\/plugins\/revslider\/public\/assets\/assets\/dummy.png\" title=\"photo carnaval de nice\" width=\"2016\" height=\"1512\" class=\"rev-slidebg tp-rs-img rs-lazyload\" data-lazyload=\"\/\/jeunesse.callian.fr\/wp-content\/uploads\/2022\/02\/photo-carnaval-de-nice.jpg\" data-parallax=\"5\" data-no-retina>\n<!--\n\t\t\t\t\t\t\t--><rs-layer\n\t\t\t\t\t\t\t\tid=\"slider-6-slide-58-layer-1\" \n\t\t\t\t\t\t\t\tdata-type=\"text\"\n\t\t\t\t\t\t\t\tdata-rsp_ch=\"on\"\n\t\t\t\t\t\t\t\tdata-xy=\"x:c;yo:310px,310px,320px,320px;\"\n\t\t\t\t\t\t\t\tdata-text=\"s:39,39,40,30;l:80,80,60,60;fw:900,900,700,700;a:inherit;\"\n\t\t\t\t\t\t\t\tdata-frame_0=\"y:-100%;o:1;\"\n\t\t\t\t\t\t\t\tdata-frame_0_mask=\"u:t;\"\n\t\t\t\t\t\t\t\tdata-frame_1=\"st:500;sp:1500;sR:500;\"\n\t\t\t\t\t\t\t\tdata-frame_1_mask=\"u:t;\"\n\t\t\t\t\t\t\t\tdata-frame_999=\"o:0;st:w;sR:7000;\"\n\t\t\t\t\t\t\t\tstyle=\"z-index:5;font-family:Roboto;\"\n\t\t\t\t\t\t\t>Bienvenue sur le site\ndu service jeunesse de Callian. \n\t\t\t\t\t\t\t<\/rs-layer><!--\n\n\t\t\t\t\t\t\t--><rs-layer\n\t\t\t\t\t\t\t\tid=\"slider-6-slide-58-layer-4\" \n\t\t\t\t\t\t\t\tdata-type=\"text\"\n\t\t\t\t\t\t\t\tdata-rsp_ch=\"on\"\n\t\t\t\t\t\t\t\tdata-xy=\"x:c;yo:408px;\"\n\t\t\t\t\t\t\t\tdata-text=\"s:16;l:22;fw:700;a:inherit;\"\n\t\t\t\t\t\t\t\tdata-frame_0=\"y:100%;\"\n\t\t\t\t\t\t\t\tdata-frame_0_mask=\"u:t;y:100%;\"\n\t\t\t\t\t\t\t\tdata-frame_1=\"e:power2.inOut;st:500;sp:1500;sR:500;\"\n\t\t\t\t\t\t\t\tdata-frame_1_mask=\"u:t;\"\n\t\t\t\t\t\t\t\tdata-frame_999=\"o:0;st:w;sR:7000;\"\n\t\t\t\t\t\t\t\tstyle=\"z-index:6;font-family:Lato;\"\n\t\t\t\t\t\t\t>En utilisant les diff\u00e9rents onglets vous trouverez toutes les informations et modalit\u00e9s pour inscrire vos enfants sur nos secteur d'activit\u00e9s. \n\t\t\t\t\t\t\t<\/rs-layer><!--\n-->\t\t\t\t\t\t<\/rs-slide>\n\t\t\t\t\t\t<rs-slide data-key=\"rs-62\" data-title=\"Slide\" data-thumb=\"\/\/jeunesse.callian.fr\/wp-content\/uploads\/2022\/10\/page_1-100x50.jpg\" data-in=\"o:0;\" data-out=\"a:false;\">\n\t\t\t\t\t\t\t<img src=\"\/\/jeunesse.callian.fr\/wp-content\/plugins\/revslider\/public\/assets\/assets\/dummy.png\" title=\"page_1\" width=\"1080\" height=\"810\" class=\"rev-slidebg tp-rs-img rs-lazyload\" data-lazyload=\"\/\/jeunesse.callian.fr\/wp-content\/uploads\/2022\/10\/page_1.jpg\" data-parallax=\"off\" data-no-retina>\n<!---->\t\t\t\t\t\t<\/rs-slide>\n\t\t\t\t\t\t<rs-slide data-key=\"rs-85\" data-title=\"Slide\" data-thumb=\"\/\/jeunesse.callian.fr\/wp-content\/uploads\/2024\/12\/Screenshot_20241210_163835_Facebook-scaled-100x50.jpg\" data-in=\"o:0;\" data-out=\"a:false;\">\n\t\t\t\t\t\t\t<img src=\"\/\/jeunesse.callian.fr\/wp-content\/plugins\/revslider\/public\/assets\/assets\/dummy.png\" title=\"Screenshot_20241210_163835_Facebook\" width=\"2560\" height=\"1861\" class=\"rev-slidebg tp-rs-img rs-lazyload\" data-lazyload=\"\/\/jeunesse.callian.fr\/wp-content\/uploads\/2024\/12\/Screenshot_20241210_163835_Facebook-scaled.jpg\" data-parallax=\"off\" data-no-retina>\n<!---->\t\t\t\t\t\t<\/rs-slide>\n\t\t\t\t\t\t<rs-slide data-key=\"rs-63\" data-title=\"Slide\" data-thumb=\"\/\/jeunesse.callian.fr\/wp-content\/uploads\/2022\/10\/facebook_1666164972453_6988402408620977205-100x50.jpg\" data-in=\"o:0;\" data-out=\"a:false;\">\n\t\t\t\t\t\t\t<img src=\"\/\/jeunesse.callian.fr\/wp-content\/plugins\/revslider\/public\/assets\/assets\/dummy.png\" title=\"facebook_1666164972453_6988402408620977205\" width=\"1080\" height=\"810\" class=\"rev-slidebg tp-rs-img rs-lazyload\" data-lazyload=\"\/\/jeunesse.callian.fr\/wp-content\/uploads\/2022\/10\/facebook_1666164972453_6988402408620977205.jpg\" data-parallax=\"off\" data-no-retina>\n<!---->\t\t\t\t\t\t<\/rs-slide>\n\t\t\t\t\t\t<rs-slide data-key=\"rs-64\" data-title=\"Slide\" data-thumb=\"\/\/jeunesse.callian.fr\/wp-content\/uploads\/2022\/10\/facebook_1666164943051_6988402285300926655-100x50.jpg\" data-in=\"o:0;\" data-out=\"a:false;\">\n\t\t\t\t\t\t\t<img src=\"\/\/jeunesse.callian.fr\/wp-content\/plugins\/revslider\/public\/assets\/assets\/dummy.png\" title=\"facebook_1666164943051_6988402285300926655\" width=\"1080\" height=\"810\" class=\"rev-slidebg tp-rs-img rs-lazyload\" data-lazyload=\"\/\/jeunesse.callian.fr\/wp-content\/uploads\/2022\/10\/facebook_1666164943051_6988402285300926655.jpg\" data-parallax=\"off\" data-no-retina>\n<!---->\t\t\t\t\t\t<\/rs-slide>\n\t\t\t\t\t\t<rs-slide data-key=\"rs-65\" data-title=\"Slide\" data-thumb=\"\/\/jeunesse.callian.fr\/wp-content\/uploads\/2022\/10\/facebook_1666164859675_6988401935598434036-100x50.jpg\" data-in=\"o:0;\" data-out=\"a:false;\">\n\t\t\t\t\t\t\t<img src=\"\/\/jeunesse.callian.fr\/wp-content\/plugins\/revslider\/public\/assets\/assets\/dummy.png\" title=\"facebook_1666164859675_6988401935598434036\" width=\"1080\" height=\"810\" class=\"rev-slidebg tp-rs-img rs-lazyload\" data-lazyload=\"\/\/jeunesse.callian.fr\/wp-content\/uploads\/2022\/10\/facebook_1666164859675_6988401935598434036.jpg\" data-parallax=\"off\" data-no-retina>\n<!---->\t\t\t\t\t\t<\/rs-slide>\n\t\t\t\t\t\t<rs-slide data-key=\"rs-67\" data-title=\"Slide\" data-thumb=\"\/\/jeunesse.callian.fr\/wp-content\/uploads\/2022\/10\/facebook_1666164770137_6988401560046927804-100x50.jpg\" data-in=\"o:0;\" data-out=\"a:false;\">\n\t\t\t\t\t\t\t<img src=\"\/\/jeunesse.callian.fr\/wp-content\/plugins\/revslider\/public\/assets\/assets\/dummy.png\" title=\"facebook_1666164770137_6988401560046927804\" width=\"1080\" height=\"810\" class=\"rev-slidebg tp-rs-img rs-lazyload\" data-lazyload=\"\/\/jeunesse.callian.fr\/wp-content\/uploads\/2022\/10\/facebook_1666164770137_6988401560046927804.jpg\" data-parallax=\"off\" data-no-retina>\n<!---->\t\t\t\t\t\t<\/rs-slide>\n\t\t\t\t\t\t<rs-slide data-key=\"rs-68\" data-title=\"Slide\" data-thumb=\"\/\/jeunesse.callian.fr\/wp-content\/uploads\/2022\/10\/facebook_1666164709760_6988401306807751607-100x50.jpg\" data-in=\"o:0;\" data-out=\"a:false;\">\n\t\t\t\t\t\t\t<img src=\"\/\/jeunesse.callian.fr\/wp-content\/plugins\/revslider\/public\/assets\/assets\/dummy.png\" title=\"facebook_1666164709760_6988401306807751607\" width=\"1080\" height=\"810\" class=\"rev-slidebg tp-rs-img rs-lazyload\" data-lazyload=\"\/\/jeunesse.callian.fr\/wp-content\/uploads\/2022\/10\/facebook_1666164709760_6988401306807751607.jpg\" data-parallax=\"off\" data-no-retina>\n<!---->\t\t\t\t\t\t<\/rs-slide>\n\t\t\t\t\t\t<rs-slide data-key=\"rs-69\" data-title=\"Slide\" data-thumb=\"\/\/jeunesse.callian.fr\/wp-content\/uploads\/2022\/10\/facebook_1666164490527_6988400387276950883-100x50.jpg\" data-in=\"o:0;\" data-out=\"a:false;\">\n\t\t\t\t\t\t\t<img src=\"\/\/jeunesse.callian.fr\/wp-content\/plugins\/revslider\/public\/assets\/assets\/dummy.png\" title=\"facebook_1666164490527_6988400387276950883\" width=\"1080\" height=\"810\" class=\"rev-slidebg tp-rs-img rs-lazyload\" data-lazyload=\"\/\/jeunesse.callian.fr\/wp-content\/uploads\/2022\/10\/facebook_1666164490527_6988400387276950883.jpg\" data-parallax=\"off\" data-no-retina>\n<!---->\t\t\t\t\t\t<\/rs-slide>\n\t\t\t\t\t\t<rs-slide data-key=\"rs-70\" data-title=\"Slide\" data-thumb=\"\/\/jeunesse.callian.fr\/wp-content\/uploads\/2022\/10\/20220721_132445-scaled-100x50.jpg\" data-in=\"o:0;\" data-out=\"a:false;\">\n\t\t\t\t\t\t\t<img src=\"\/\/jeunesse.callian.fr\/wp-content\/plugins\/revslider\/public\/assets\/assets\/dummy.png\" title=\"20220721_132445\" width=\"2560\" height=\"1920\" class=\"rev-slidebg tp-rs-img rs-lazyload\" data-lazyload=\"\/\/jeunesse.callian.fr\/wp-content\/uploads\/2022\/10\/20220721_132445-scaled.jpg\" data-parallax=\"off\" data-no-retina>\n<!---->\t\t\t\t\t\t<\/rs-slide>\n\t\t\t\t\t\t<rs-slide data-key=\"rs-71\" data-title=\"Slide\" data-thumb=\"\/\/jeunesse.callian.fr\/wp-content\/uploads\/2022\/10\/facebook_1666165378731_6988404112673692770-100x50.jpg\" data-in=\"o:0;\" data-out=\"a:false;\">\n\t\t\t\t\t\t\t<img src=\"\/\/jeunesse.callian.fr\/wp-content\/plugins\/revslider\/public\/assets\/assets\/dummy.png\" title=\"facebook_1666165378731_6988404112673692770\" width=\"1080\" height=\"810\" class=\"rev-slidebg tp-rs-img rs-lazyload\" data-lazyload=\"\/\/jeunesse.callian.fr\/wp-content\/uploads\/2022\/10\/facebook_1666165378731_6988404112673692770.jpg\" data-parallax=\"off\" data-no-retina>\n<!---->\t\t\t\t\t\t<\/rs-slide>\n\t\t\t\t\t\t<rs-slide data-key=\"rs-72\" data-title=\"Slide\" data-thumb=\"\/\/jeunesse.callian.fr\/wp-content\/uploads\/2022\/10\/20220721_091534-scaled-100x50.jpg\" data-in=\"o:0;\" data-out=\"a:false;\">\n\t\t\t\t\t\t\t<img src=\"\/\/jeunesse.callian.fr\/wp-content\/plugins\/revslider\/public\/assets\/assets\/dummy.png\" title=\"20220721_091534\" width=\"2560\" height=\"1920\" class=\"rev-slidebg tp-rs-img rs-lazyload\" data-lazyload=\"\/\/jeunesse.callian.fr\/wp-content\/uploads\/2022\/10\/20220721_091534-scaled.jpg\" data-parallax=\"off\" data-no-retina>\n<!---->\t\t\t\t\t\t<\/rs-slide>\n\t\t\t\t\t\t<rs-slide data-key=\"rs-73\" data-title=\"Slide\" data-thumb=\"\/\/jeunesse.callian.fr\/wp-content\/uploads\/2022\/10\/facebook_1666164842494_6988401863533878568-100x50.jpg\" data-in=\"o:0;\" data-out=\"a:false;\">\n\t\t\t\t\t\t\t<img src=\"\/\/jeunesse.callian.fr\/wp-content\/plugins\/revslider\/public\/assets\/assets\/dummy.png\" title=\"facebook_1666164842494_6988401863533878568\" width=\"960\" height=\"720\" class=\"rev-slidebg tp-rs-img rs-lazyload\" data-lazyload=\"\/\/jeunesse.callian.fr\/wp-content\/uploads\/2022\/10\/facebook_1666164842494_6988401863533878568.jpg\" data-parallax=\"off\" data-no-retina>\n<!---->\t\t\t\t\t\t<\/rs-slide>\n\t\t\t\t\t\t<rs-slide data-key=\"rs-75\" data-title=\"Slide\" data-thumb=\"\/\/jeunesse.callian.fr\/wp-content\/uploads\/2022\/10\/facebook_1666165055875_6988402758518902932-100x50.jpg\" data-in=\"o:0;\" data-out=\"a:false;\">\n\t\t\t\t\t\t\t<img src=\"\/\/jeunesse.callian.fr\/wp-content\/plugins\/revslider\/public\/assets\/assets\/dummy.png\" title=\"facebook_1666165055875_6988402758518902932\" width=\"1080\" height=\"810\" class=\"rev-slidebg tp-rs-img rs-lazyload\" data-lazyload=\"\/\/jeunesse.callian.fr\/wp-content\/uploads\/2022\/10\/facebook_1666165055875_6988402758518902932.jpg\" data-parallax=\"off\" data-no-retina>\n<!---->\t\t\t\t\t\t<\/rs-slide>\n\t\t\t\t\t<\/rs-slides>\n\t\t\t\t<\/rs-module>\n\t\t\t\t<script type=\"text\/javascript\">\n\t\t\t\t\tsetREVStartSize({c: 'hero',rl:[1240,1024,778,480],el:[800,768,960,720],gw:[1170,1024,778,480],gh:[800,768,960,720],type:'standard',justify:'',layout:'fullwidth',mh:\"0\"});\n\t\t\t\t\tvar\trevapi6,\n\t\t\t\t\t\ttpj;\n\t\t\t\t\tfunction revinit_hero() {\n\t\t\t\t\tjQuery(function() {\n\t\t\t\t\t\ttpj = jQuery;\n\t\t\t\t\t\trevapi6 = tpj(\"#hero\");\n\t\t\t\t\t\tif(revapi6==undefined || revapi6.revolution == undefined){\n\t\t\t\t\t\t\trevslider_showDoubleJqueryError(\"hero\");\n\t\t\t\t\t\t}else{\n\t\t\t\t\t\t\trevapi6.revolution({\n\t\t\t\t\t\t\t\tDPR:\"dpr\",\n\t\t\t\t\t\t\t\tsliderLayout:\"fullwidth\",\n\t\t\t\t\t\t\t\tvisibilityLevels:\"1240,1024,778,480\",\n\t\t\t\t\t\t\t\tgridwidth:\"1170,1024,778,480\",\n\t\t\t\t\t\t\t\tgridheight:\"800,768,960,720\",\n\t\t\t\t\t\t\t\tlazyType:\"smart\",\n\t\t\t\t\t\t\t\tperspective:600,\n\t\t\t\t\t\t\t\tperspectiveType:\"local\",\n\t\t\t\t\t\t\t\teditorheight:\"800,768,960,720\",\n\t\t\t\t\t\t\t\tresponsiveLevels:\"1240,1024,778,480\",\n\t\t\t\t\t\t\t\tprogressBar:{disableProgressBar:true},\n\t\t\t\t\t\t\t\tnavigation: {\n\t\t\t\t\t\t\t\t\tmouseScrollNavigation:false,\n\t\t\t\t\t\t\t\t\twheelCallDelay:1000,\n\t\t\t\t\t\t\t\t\tonHoverStop:false,\n\t\t\t\t\t\t\t\t\ttouch: {\n\t\t\t\t\t\t\t\t\t\ttouchenabled:true,\n\t\t\t\t\t\t\t\t\t\tswipe_min_touches:50\n\t\t\t\t\t\t\t\t\t},\n\t\t\t\t\t\t\t\t\tarrows: {\n\t\t\t\t\t\t\t\t\t\tenable:true,\n\t\t\t\t\t\t\t\t\t\ttmp:\"<div class=\\\"tp-title-wrap\\\">  \t<div class=\\\"tp-arr-imgholder\\\"><\/div> <\/div>\",\n\t\t\t\t\t\t\t\t\t\tstyle:\"zeus\",\n\t\t\t\t\t\t\t\t\t\thide_onmobile:true,\n\t\t\t\t\t\t\t\t\t\thide_under:600,\n\t\t\t\t\t\t\t\t\t\thide_onleave:true,\n\t\t\t\t\t\t\t\t\t\tleft: {\n\t\t\t\t\t\t\t\t\t\t\th_offset:30\n\t\t\t\t\t\t\t\t\t\t},\n\t\t\t\t\t\t\t\t\t\tright: {\n\t\t\t\t\t\t\t\t\t\t\th_offset:30\n\t\t\t\t\t\t\t\t\t\t}\n\t\t\t\t\t\t\t\t\t}\n\t\t\t\t\t\t\t\t},\n\t\t\t\t\t\t\t\tparallax: {\n\t\t\t\t\t\t\t\t\tlevels:[2,3,4,5,6,7,12,16,10,50,47,48,49,50,51,55],\n\t\t\t\t\t\t\t\t\ttype:\"mouse\",\n\t\t\t\t\t\t\t\t\torigo:\"slidercenter\",\n\t\t\t\t\t\t\t\t\tspeed:2000\n\t\t\t\t\t\t\t\t},\n\t\t\t\t\t\t\t\tfallbacks: {\n\t\t\t\t\t\t\t\t\tallowHTML5AutoPlayOnAndroid:true\n\t\t\t\t\t\t\t\t},\n\t\t\t\t\t\t\t});\n\t\t\t\t\t\t}\n\t\t\t\t\t\t\n\t\t\t\t\t});\n\t\t\t\t\t} \/\/ End of RevInitScript\n\t\t\t\tvar once_hero = false;\n\t\t\t\tif (document.readyState === \"loading\") {document.addEventListener('readystatechange',function() { if((document.readyState === \"interactive\" || document.readyState === \"complete\") && !once_hero ) { once_hero = true; revinit_hero();}});} else {once_hero = true; revinit_hero();}\n\t\t\t\t<\/script>\n\t\t\t\t<script>\n\t\t\t\t\tvar htmlDivCss = unescape(\"%23hero_wrapper%20.zeus.tparrows%20%7B%0A%20%20cursor%3Apointer%3B%0A%20%20min-width%3A70px%3B%0A%20%20min-height%3A70px%3B%0A%20%20position%3Aabsolute%3B%0A%20%20display%3Ablock%3B%0A%20%20z-index%3A1000%3B%0A%20%20border-radius%3A50%25%3B%20%20%20%0A%20%20overflow%3Ahidden%3B%0A%20%20background%3Argba%280%2C0%2C0%2C0.1%29%3B%0A%7D%0A%0A%23hero_wrapper%20.zeus.tparrows%3Abefore%20%7B%0A%20%20font-family%3A%20%27revicons%27%3B%0A%20%20font-size%3A20px%3B%0A%20%20color%3A%23ffffff%3B%0A%20%20display%3Ablock%3B%0A%20%20line-height%3A%2070px%3B%0A%20%20text-align%3A%20center%3B%20%20%20%20%0A%20%20z-index%3A2%3B%0A%20%20position%3Arelative%3B%0A%7D%0A%23hero_wrapper%20.zeus.tparrows.tp-leftarrow%3Abefore%20%7B%0A%20%20content%3A%20%27%5Ce824%27%3B%0A%7D%0A%23hero_wrapper%20.zeus.tparrows.tp-rightarrow%3Abefore%20%7B%0A%20%20content%3A%20%27%5Ce825%27%3B%0A%7D%0A%0A%23hero_wrapper%20.zeus%20.tp-title-wrap%20%7B%0A%20%20background%3Argba%280%2C0%2C0%2C0.5%29%3B%0A%20%20width%3A100%25%3B%0A%20%20height%3A100%25%3B%0A%20%20top%3A0px%3B%0A%20%20left%3A0px%3B%0A%20%20position%3Aabsolute%3B%0A%20%20opacity%3A0%3B%0A%20%20transform%3Ascale%280%29%3B%0A%20%20-webkit-transform%3Ascale%280%29%3B%0A%20%20%20transition%3A%20all%200.3s%3B%0A%20%20-webkit-transition%3Aall%200.3s%3B%0A%20%20-moz-transition%3Aall%200.3s%3B%0A%20%20%20border-radius%3A50%25%3B%0A%20%7D%0A%23hero_wrapper%20.zeus%20.tp-arr-imgholder%20%7B%0A%20%20width%3A100%25%3B%0A%20%20height%3A100%25%3B%0A%20%20position%3Aabsolute%3B%0A%20%20top%3A0px%3B%0A%20%20left%3A0px%3B%0A%20%20background-position%3Acenter%20center%3B%0A%20%20background-size%3Acover%3B%0A%20%20border-radius%3A50%25%3B%0A%20%20transform%3Atranslatex%28-100%25%29%3B%0A%20%20-webkit-transform%3Atranslatex%28-100%25%29%3B%0A%20%20%20transition%3A%20all%200.3s%3B%0A%20%20-webkit-transition%3Aall%200.3s%3B%0A%20%20-moz-transition%3Aall%200.3s%3B%0A%0A%20%7D%0A%23hero_wrapper%20.zeus.tp-rightarrow%20.tp-arr-imgholder%20%7B%0A%20%20%20%20transform%3Atranslatex%28100%25%29%3B%0A%20%20-webkit-transform%3Atranslatex%28100%25%29%3B%0A%20%20%20%20%20%20%7D%0A%23hero_wrapper%20.zeus.tparrows%3Ahover%20.tp-arr-imgholder%20%7B%0A%20%20transform%3Atranslatex%280%29%3B%0A%20%20-webkit-transform%3Atranslatex%280%29%3B%0A%20%20opacity%3A1%3B%0A%7D%0A%20%20%20%20%20%20%0A%23hero_wrapper%20.zeus.tparrows%3Ahover%20.tp-title-wrap%20%7B%0A%20%20transform%3Ascale%281%29%3B%0A%20%20-webkit-transform%3Ascale%281%29%3B%0A%20%20opacity%3A1%3B%0A%7D%0A%20%0A\");\n\t\t\t\t\tvar htmlDiv = document.getElementById('rs-plugin-settings-inline-css');\n\t\t\t\t\tif(htmlDiv) {\n\t\t\t\t\t\thtmlDiv.innerHTML = htmlDiv.innerHTML + htmlDivCss;\n\t\t\t\t\t}else{\n\t\t\t\t\t\tvar htmlDiv = document.createElement('div');\n\t\t\t\t\t\thtmlDiv.innerHTML = '<style>' + htmlDivCss + '<\/style>';\n\t\t\t\t\t\tdocument.getElementsByTagName('head')[0].appendChild(htmlDiv.childNodes[0]);\n\t\t\t\t\t}\n\t\t\t\t<\/script>\n\t\t\t\t<script>\n\t\t\t\t\tvar htmlDivCss = unescape(\"%0A%0A%0A%0A%0A%0A%0A%0A%0A%0A%0A%0A%0A%0A%0A%0A%0A%0A\");\n\t\t\t\t\tvar htmlDiv = document.getElementById('rs-plugin-settings-inline-css');\n\t\t\t\t\tif(htmlDiv) {\n\t\t\t\t\t\thtmlDiv.innerHTML = htmlDiv.innerHTML + htmlDivCss;\n\t\t\t\t\t}else{\n\t\t\t\t\t\tvar htmlDiv = document.createElement('div');\n\t\t\t\t\t\thtmlDiv.innerHTML = '<style>' + htmlDivCss + '<\/style>';\n\t\t\t\t\t\tdocument.getElementsByTagName('head')[0].appendChild(htmlDiv.childNodes[0]);\n\t\t\t\t\t}\n\t\t\t\t<\/script>\n\t\t\t<\/rs-module-wrap>\n\t\t\t<!-- END REVOLUTION SLIDER -->\n[\/vc_column][\/vc_row][vc_row full_width=\u00a0\u00bbstretch_row\u00a0\u00bb content_placement=\u00a0\u00bbmiddle\u00a0\u00bb css=\u00a0\u00bb.vc_custom_1617095802853{padding-top: 100px !important;padding-bottom: 100px !important;}\u00a0\u00bb][vc_column width=\u00a0\u00bb1\/2&Prime;][vc_single_image image=\u00a0\u00bb2427&Prime; img_size=\u00a0\u00bbfull\u00a0\u00bb alignment=\u00a0\u00bbcenter\u00a0\u00bb][\/vc_column][vc_column width=\u00a0\u00bb1\/2&Prime;][vc_column_text]Nom :\u00a0DI AMORE<br \/>\nPr\u00e9nom :\u00a0Laura<br \/>\nAge : 36 ans<br \/>\nPermis B<br \/>\nPoste : Responsable du Service Jeunesse<\/p>\n<p>Dipl\u00f4mes :<\/p>\n<p>-BPJEPS LTP<br \/>\n&#8211; BAFA ;<br \/>\n&#8211; BAFD ;<br \/>\n&#8211; Surveillant de Baignade (SB) ;<br \/>\n&#8211; PSC1.<\/p>\n<p>Exp\u00e9rience : Animatrice en cr\u00e8che, Adjointe en Centre de loisirs, Responsable p\u00f4le Ados.<br \/>\nLoisirs pratiqu\u00e9s : P\u00e9tanque, Crossfit, Danse, Athl\u00e9tisme, Lecture, Voyages&#8230;[\/vc_column_text][\/vc_column][\/vc_row][vc_row full_width=\u00a0\u00bbstretch_row\u00a0\u00bb content_placement=\u00a0\u00bbmiddle\u00a0\u00bb css=\u00a0\u00bb.vc_custom_1617095802853{padding-top: 100px !important;padding-bottom: 100px !important;}\u00a0\u00bb][vc_column width=\u00a0\u00bb1\/2&Prime;][vc_single_image image=\u00a0\u00bb2443&Prime; img_size=\u00a0\u00bbmedium\u00a0\u00bb alignment=\u00a0\u00bbcenter\u00a0\u00bb][\/vc_column][vc_column width=\u00a0\u00bb1\/2&Prime;][vc_column_text]Nom : TERZEG<br \/>\nPr\u00e9nom : Omayma<br \/>\nAge : 24 ans<br \/>\nPermis B<br \/>\nPoste :\u00a0 Animatrice P\u00e9riscolaire<\/p>\n<p>Dipl\u00f4mes :<br \/>\n&#8211; BPJEPS LTP<br \/>\n&#8211; BAFA ;<br \/>\n&#8211; PSC1<\/p>\n<p>Exp\u00e9rience : Animatrice en Centre de Loisirs.<br \/>\nLoisirs pratiqu\u00e9s : Sport, Musique[\/vc_column_text][\/vc_column][\/vc_row][vc_row full_width=\u00a0\u00bbstretch_row\u00a0\u00bb content_placement=\u00a0\u00bbmiddle\u00a0\u00bb css=\u00a0\u00bb.vc_custom_1617095814648{padding-top: 100px !important;padding-bottom: 100px !important;background-color: #c2cd09 !important;}\u00a0\u00bb el_class=\u00a0\u00bbwh\u00a0\u00bb][vc_column width=\u00a0\u00bb1\/2&Prime;][vc_column_text]Nom : MIRALLES<br \/>\nPr\u00e9nom : G\u00e9raldine<br \/>\n\u00c2ge :\u00a0 43 ans<br \/>\nPermis B<br \/>\nPoste : Animatrice P\u00e9riscolaire, Acm ( Maternelles)<\/p>\n<p>Dipl\u00f4mes :<br \/>\n&#8211; Deug 1 (fac de sport);<br \/>\n&#8211; BEMF<\/p>\n<p>Exp\u00e9rience : \u00e9ducateur sportif, pr\u00e9parateur physique..<br \/>\nLoisirs : randonn\u00e9es, musique&#8230;.[\/vc_column_text][\/vc_column][vc_column width=\u00a0\u00bb1\/2&Prime;][vc_single_image image=\u00a0\u00bb2513&Prime; img_size=\u00a0\u00bbmedium\u00a0\u00bb alignment=\u00a0\u00bbcenter\u00a0\u00bb][\/vc_column][\/vc_row][vc_row full_width=\u00a0\u00bbstretch_row\u00a0\u00bb content_placement=\u00a0\u00bbmiddle\u00a0\u00bb css=\u00a0\u00bb.vc_custom_1617095802853{padding-top: 100px !important;padding-bottom: 100px !important;}\u00a0\u00bb][vc_column width=\u00a0\u00bb1\/2&Prime;][vc_single_image image=\u00a0\u00bb2969&Prime; img_size=\u00a0\u00bbmedium\u00a0\u00bb alignment=\u00a0\u00bbcenter\u00a0\u00bb][\/vc_column][vc_column width=\u00a0\u00bb1\/2&Prime;][vc_column_text]Nom : ALTHEIMER<br \/>\nPr\u00e9nom : Eric<br \/>\nAge : 50 ans<br \/>\nPermis B+ permis hauturier<br \/>\nPoste : Responsable services \u00e9cole<\/p>\n<p>Dipl\u00f4mes :<br \/>\n&#8211; Brevet d\u2019Etat d\u2019Educateur Sportif voile 1\u00b0 degr\u00e9 (niveau IV)<br \/>\n&#8211; Dipl\u00f4me d\u2019Etat de la Jeunesse, de l\u2019Education Populaire et du Sport, DEJEPS (niveau III) option : coordinateur de projet et d\u00e9veloppement de r\u00e9seau<\/p>\n<p>Exp\u00e9riences :<br \/>\n10 ans moniteur de voile,<br \/>\n2 ans directeur adjoint d\u2019\u00e9quipement pour un accueil avec h\u00e9bergement,<br \/>\n9 ans responsable du service jeunesse au sein d\u2019une collectivit\u00e9 territoriale.<br \/>\n*Loisirs : voile, philat\u00e9lie, marche.[\/vc_column_text][\/vc_column][\/vc_row]<\/p>\n","protected":false},"excerpt":{"rendered":"<p>[vc_row][vc_column][\/vc_column][\/vc_row][vc_row full_width=\u00a0\u00bbstretch_row\u00a0\u00bb content_placement=\u00a0\u00bbmiddle\u00a0\u00bb css=\u00a0\u00bb.vc_custom_1617095802853{padding-top: 100px !important;padding-bottom: 100px !important;}\u00a0\u00bb][vc_column width=\u00a0\u00bb1\/2&Prime;][vc_single_image image=\u00a0\u00bb2427&Prime; img_size=\u00a0\u00bbfull\u00a0\u00bb alignment=\u00a0\u00bbcenter\u00a0\u00bb][\/vc_column][vc_column width=\u00a0\u00bb1\/2&Prime;][vc_column_text]Nom :\u00a0DI AMORE Pr\u00e9nom :\u00a0Laura Age : 36 ans Permis B Poste : Responsable du Service Jeunesse Dipl\u00f4mes : -BPJEPS LTP &#8211; BAFA ; &#8211; BAFD ; &#8211; Surveillant de Baignade (SB) ; &#8211; PSC1. Exp\u00e9rience : Animatrice en cr\u00e8che, Adjointe en Centre [&hellip;]<\/p>\n","protected":false},"author":1,"featured_media":0,"parent":0,"menu_order":0,"comment_status":"closed","ping_status":"closed","template":"","meta":[],"_links":{"self":[{"href":"https:\/\/jeunesse.callian.fr\/index.php\/wp-json\/wp\/v2\/pages\/2193"}],"collection":[{"href":"https:\/\/jeunesse.callian.fr\/index.php\/wp-json\/wp\/v2\/pages"}],"about":[{"href":"https:\/\/jeunesse.callian.fr\/index.php\/wp-json\/wp\/v2\/types\/page"}],"author":[{"embeddable":true,"href":"https:\/\/jeunesse.callian.fr\/index.php\/wp-json\/wp\/v2\/users\/1"}],"replies":[{"embeddable":true,"href":"https:\/\/jeunesse.callian.fr\/index.php\/wp-json\/wp\/v2\/comments?post=2193"}],"version-history":[{"count":34,"href":"https:\/\/jeunesse.callian.fr\/index.php\/wp-json\/wp\/v2\/pages\/2193\/revisions"}],"predecessor-version":[{"id":3291,"href":"https:\/\/jeunesse.callian.fr\/index.php\/wp-json\/wp\/v2\/pages\/2193\/revisions\/3291"}],"wp:attachment":[{"href":"https:\/\/jeunesse.callian.fr\/index.php\/wp-json\/wp\/v2\/media?parent=2193"}],"curies":[{"name":"wp","href":"https:\/\/api.w.org\/{rel}","templated":true}]}}